{"id":405,"date":"2026-02-02T11:14:35","date_gmt":"2026-02-02T02:14:35","guid":{"rendered":"https:\/\/edoc.haro-inc.com\/?page_id=405"},"modified":"2026-02-02T11:14:36","modified_gmt":"2026-02-02T02:14:36","slug":"demo","status":"publish","type":"page","link":"https:\/\/edoc.haro-inc.com\/vi\/demo\/","title":{"rendered":"\u0110\u0103ng k\u00fd s\u1eed d\u1ee5ng b\u1ea3n demo"},"content":{"rendered":"<p>[mwform_formkey key=&#8221;395&#8243;]<\/p>\n","protected":false},"excerpt":{"rendered":"","protected":false},"author":1,"featured_media":0,"parent":0,"menu_order":0,"comment_status":"closed","ping_status":"closed","template":"","meta":{"om_disable_all_campaigns":false,"_monsterinsights_skip_tracking":false,"_monsterinsights_sitenote_active":false,"_monsterinsights_sitenote_note":"","_monsterinsights_sitenote_category":0,"_uf_show_specific_survey":0,"_uf_disable_surveys":false,"swell_btn_cv_data":"","_locale":"vi","_original_post":"https:\/\/edoc.haro-inc.com\/?page_id=340","footnotes":""},"class_list":["post-405","page","type-page","status-publish","hentry","vi"],"aioseo_notices":[],"jetpack_sharing_enabled":true,"_links":{"self":[{"href":"https:\/\/edoc.haro-inc.com\/wp-json\/wp\/v2\/pages\/405","targetHints":{"allow":["GET"]}}],"collection":[{"href":"https:\/\/edoc.haro-inc.com\/wp-json\/wp\/v2\/pages"}],"about":[{"href":"https:\/\/edoc.haro-inc.com\/wp-json\/wp\/v2\/types\/page"}],"author":[{"embeddable":true,"href":"https:\/\/edoc.haro-inc.com\/wp-json\/wp\/v2\/users\/1"}],"replies":[{"embeddable":true,"href":"https:\/\/edoc.haro-inc.com\/wp-json\/wp\/v2\/comments?post=405"}],"version-history":[{"count":1,"href":"https:\/\/edoc.haro-inc.com\/wp-json\/wp\/v2\/pages\/405\/revisions"}],"predecessor-version":[{"id":407,"href":"https:\/\/edoc.haro-inc.com\/wp-json\/wp\/v2\/pages\/405\/revisions\/407"}],"wp:attachment":[{"href":"https:\/\/edoc.haro-inc.com\/wp-json\/wp\/v2\/media?parent=405"}],"curies":[{"name":"wp","href":"https:\/\/api.w.org\/{rel}","templated":true}]}}